{"id":893,"date":"2025-01-03T20:34:15","date_gmt":"2025-01-03T20:34:15","guid":{"rendered":"https:\/\/www.soyservidor.info\/yudeford\/?page_id=893"},"modified":"2025-01-03T22:08:21","modified_gmt":"2025-01-03T22:08:21","slug":"prueba-de-manejo","status":"publish","type":"page","link":"https:\/\/www.soyservidor.info\/yudeford\/prueba-de-manejo\/","title":{"rendered":"Prueba de Manejo"},"content":{"rendered":"\t\t<div data-elementor-type=\"wp-page\" data-elementor-id=\"893\" class=\"elementor elementor-893\" data-elementor-post-type=\"page\">\n\t\t\t\t<div class=\"elementor-element elementor-element-f586e77 e-flex e-con-boxed e-con e-parent\" data-id=\"f586e77\" data-element_type=\"container\">\n\t\t\t\t\t<div class=\"e-con-inner\">\n\t\t\t\t<div class=\"elementor-element elementor-element-5bd90f3 elementor-widget elementor-widget-heading\" data-id=\"5bd90f3\" data-element_type=\"widget\" data-widget_type=\"heading.default\">\n\t\t\t\t<div class=\"elementor-widget-container\">\n\t\t\t\t\t<h2 class=\"elementor-heading-title elementor-size-default\">Vive la experiencia de conducir un Ford<\/h2>\t\t\t\t<\/div>\n\t\t\t\t<\/div>\n\t\t\t\t\t<\/div>\n\t\t\t\t<\/div>\n\t\t<div class=\"elementor-element elementor-element-5abc6c6 e-flex e-con-boxed e-con e-parent\" data-id=\"5abc6c6\" data-element_type=\"container\">\n\t\t\t\t\t<div class=\"e-con-inner\">\n\t\t\t\t<div class=\"elementor-element elementor-element-49cae63 elementor-widget elementor-widget-text-editor\" data-id=\"49cae63\" data-element_type=\"widget\" data-widget_type=\"text-editor.default\">\n\t\t\t\t<div class=\"elementor-widget-container\">\n\t\t\t\t\t\t\t\t\t<p>Agenda tu prueba de manejo y experimenta de primera mano la potencia, tecnolog\u00eda y comodidad que solo nuestros veh\u00edculos pueden ofrecer. Completa el formulario y reserva tu experiencia personalizada. Es r\u00e1pido, f\u00e1cil y el primer paso para llevarte a casa el Ford de tus sue\u00f1os.<\/p>\t\t\t\t\t\t\t\t<\/div>\n\t\t\t\t<\/div>\n\t\t\t\t\t<\/div>\n\t\t\t\t<\/div>\n\t\t<div class=\"elementor-element elementor-element-30d4245 e-flex e-con-boxed e-con e-parent\" data-id=\"30d4245\" data-element_type=\"container\" data-settings=\"{&quot;background_background&quot;:&quot;classic&quot;}\">\n\t\t\t\t\t<div class=\"e-con-inner\">\n\t\t\t\t<div class=\"elementor-element elementor-element-f01e17d elementor-widget elementor-widget-shortcode\" data-id=\"f01e17d\" data-element_type=\"widget\" data-widget_type=\"shortcode.default\">\n\t\t\t\t<div class=\"elementor-widget-container\">\n\t\t\t\t\t\t\t<div class=\"elementor-shortcode\">\n<div class=\"wpcf7 no-js\" id=\"wpcf7-f899-o1\" lang=\"es-ES\" dir=\"ltr\" data-wpcf7-id=\"899\">\n<div class=\"screen-reader-response\"><p role=\"status\" aria-live=\"polite\" aria-atomic=\"true\"><\/p> <ul><\/ul><\/div>\n<form action=\"\/yudeford\/wp-json\/wp\/v2\/pages\/893#wpcf7-f899-o1\" method=\"post\" class=\"wpcf7-form init\" aria-label=\"Formulario de contacto\" novalidate=\"novalidate\" data-status=\"init\">\n<div style=\"display: none;\">\n<input type=\"hidden\" name=\"_wpcf7\" value=\"899\" \/>\n<input type=\"hidden\" name=\"_wpcf7_version\" value=\"6.0.3\" \/>\n<input type=\"hidden\" name=\"_wpcf7_locale\" value=\"es_ES\" \/>\n<input type=\"hidden\" name=\"_wpcf7_unit_tag\" value=\"wpcf7-f899-o1\" \/>\n<input type=\"hidden\" name=\"_wpcf7_container_post\" value=\"0\" \/>\n<input type=\"hidden\" name=\"_wpcf7_posted_data_hash\" value=\"\" \/>\n<\/div>\n<table border=\"0\">\n\t<tr style=\"background-color:#00095B\">\n\t\t<td style=\"color:#FFFFFF\">\n\t\t\t<p><b>DATOS PERSONALES<\/b>\n\t\t\t<\/p>\n\t\t<\/td>\n\t<\/tr>\n\t<tr>\n\t\t<td>\n\t\t\t<p><b> Nombre y Apellido* <span class=\"wpcf7-form-control-wrap\" data-name=\"your-name\"><input size=\"40\" maxlength=\"400\" class=\"wpcf7-form-control wpcf7-text wpcf7-validates-as-required\" aria-required=\"true\" aria-invalid=\"false\" value=\"\" type=\"text\" name=\"your-name\" \/><\/span><\/b>\n\t\t\t<\/p>\n\t\t<\/td>\n\t<\/tr>\n\t<tr>\n\t\t<td>\n\t\t\t<p><b> DNI* <span class=\"wpcf7-form-control-wrap\" data-name=\"dni\"><input size=\"40\" maxlength=\"400\" class=\"wpcf7-form-control wpcf7-text wpcf7-validates-as-required\" aria-required=\"true\" aria-invalid=\"false\" value=\"\" type=\"text\" name=\"dni\" \/><\/span><\/b>\n\t\t\t<\/p>\n\t\t<\/td>\n\t<\/tr>\n\t<tr>\n\t\t<td>\n\t\t\t<p><b> Email* <span class=\"wpcf7-form-control-wrap\" data-name=\"your-email\"><input size=\"40\" maxlength=\"400\" class=\"wpcf7-form-control wpcf7-email wpcf7-validates-as-required wpcf7-text wpcf7-validates-as-email\" aria-required=\"true\" aria-invalid=\"false\" value=\"\" type=\"email\" name=\"your-email\" \/><\/span><\/b>\n\t\t\t<\/p>\n\t\t<\/td>\n\t<\/tr>\n\t<tr>\n\t\t<td>\n\t\t\t<p><b> Tel\u00e9fono* <span class=\"wpcf7-form-control-wrap\" data-name=\"telefono\"><input size=\"40\" maxlength=\"400\" class=\"wpcf7-form-control wpcf7-tel wpcf7-validates-as-required wpcf7-text wpcf7-validates-as-tel\" aria-required=\"true\" aria-invalid=\"false\" value=\"\" type=\"tel\" name=\"telefono\" \/><\/span><\/b>\n\t\t\t<\/p>\n\t\t<\/td>\n\t<\/tr>\n\t<tr>\n\t\t<td>\n\t\t\t<p><b> Ciudad* <span class=\"wpcf7-form-control-wrap\" data-name=\"ciudad\"><input size=\"40\" maxlength=\"400\" class=\"wpcf7-form-control wpcf7-text wpcf7-validates-as-required\" aria-required=\"true\" aria-invalid=\"false\" value=\"\" type=\"text\" name=\"ciudad\" \/><\/span><\/b>\n\t\t\t<\/p>\n\t\t<\/td>\n\t<\/tr>\n\t<tr style=\"background-color:#00095B\">\n\t\t<td style=\"color:#FFFFFF\">\n\t\t\t<p><b>SELECCIONAR VEH\u00cdCULO Y PREFERENCIA DE CONTACTO<\/b>\n\t\t\t<\/p>\n\t\t<\/td>\n\t<\/tr>\n\t<tr>\n\t\t<td>\n\t\t\t<p><b>Veh\u00edculo* <span class=\"wpcf7-form-control-wrap\" data-name=\"vehiculo\"><select class=\"wpcf7-form-control wpcf7-select wpcf7-validates-as-required\" aria-required=\"true\" aria-invalid=\"false\" name=\"vehiculo\"><option value=\"\">&#8212;Por favor, elige una opci\u00f3n&#8212;<\/option><option value=\"Ranger XLT\">Ranger XLT<\/option><option value=\"Ranger Wildtrack\">Ranger Wildtrack<\/option><option value=\"Ranger Raptor\">Ranger Raptor<\/option><option value=\"F150\">F150<\/option><option value=\"F150 Raptor\">F150 Raptor<\/option><option value=\"Bronco Sport Outer Banks\">Bronco Sport Outer Banks<\/option><option value=\"Bronco Outer Banks\">Bronco Outer Banks<\/option><option value=\"Explorer Active\">Explorer Active<\/option><option value=\"Territory Trend\">Territory Trend<\/option><option value=\"Territory Titanium\">Territory Titanium<\/option><option value=\"Everest Trend\">Everest Trend<\/option><option value=\"Everest Titanium\">Everest Titanium<\/option><option value=\"Expedition XLT\">Expedition XLT<\/option><\/select><\/span><\/b>\n\t\t\t<\/p>\n\t\t<\/td>\n\t<\/tr>\n\t<tr>\n\t\t<td>\n\t\t\t<p><b><label>Concesionario de su preferencia*<\/label><span class=\"wpcf7-form-control-wrap\" data-name=\"concesionario\"><select class=\"wpcf7-form-control wpcf7-select wpcf7-validates-as-required\" aria-required=\"true\" aria-invalid=\"false\" name=\"concesionario\"><option value=\"\">&#8212;Por favor, elige una opci\u00f3n&#8212;<\/option><option value=\"San Pedro Sula\">San Pedro Sula<\/option><option value=\"Tegucigalpa\">Tegucigalpa<\/option><option value=\"La Ceiba\">La Ceiba<\/option><\/select><\/span><\/b>\n\t\t\t<\/p>\n\t\t<\/td>\n\t<\/tr>\n\t<tr>\n\t\t<td>\n\t\t\t<p><b>\u00bfC\u00f3mo prefieres que te contactemos?*<\/b><span class=\"wpcf7-form-control-wrap\" data-name=\"contactemos\"><span class=\"wpcf7-form-control wpcf7-checkbox wpcf7-validates-as-required\"><span class=\"wpcf7-list-item first\"><label><span class=\"wpcf7-list-item-label\">Llamado telef\u00f3nico<\/span><input type=\"checkbox\" name=\"contactemos[]\" value=\"Llamado telef\u00f3nico\" \/><\/label><\/span><span class=\"wpcf7-list-item\"><label><span class=\"wpcf7-list-item-label\">WhatsApp<\/span><input type=\"checkbox\" name=\"contactemos[]\" value=\"WhatsApp\" \/><\/label><\/span><span class=\"wpcf7-list-item last\"><label><span class=\"wpcf7-list-item-label\">Email<\/span><input type=\"checkbox\" name=\"contactemos[]\" value=\"Email\" \/><\/label><\/span><\/span><\/span>\n\t\t\t<\/p>\n\t\t<\/td>\n\t<\/tr>\n\t<tr style=\"background-color:#00095B\">\n\t\t<td style=\"color:#FFFFFF\">\n\t\t\t<p><b>PREFERENCIA DE FECHA Y HORA<\/b>\n\t\t\t<\/p>\n\t\t<\/td>\n\t<\/tr>\n\t<tr>\n\t\t<td>\n\t\t\t<p><b>Elegir d\u00eda* <span class=\"wpcf7-form-control-wrap\" data-name=\"fecha\"><input class=\"wpcf7-form-control wpcf7-date wpcf7-validates-as-required wpcf7-validates-as-date\" min=\"2025-01-31\" max=\"2025-12-31\" aria-required=\"true\" aria-invalid=\"false\" placeholder=\"\" value=\"\" type=\"date\" name=\"fecha\" \/><\/span><\/b>\n\t\t\t<\/p>\n\t\t<\/td>\n\t<\/tr>\n\t<tr>\n\t\t<td>\n\t\t\t<p><b>Franja horaria* <span class=\"wpcf7-form-control-wrap\" data-name=\"horario\"><select class=\"wpcf7-form-control wpcf7-select wpcf7-validates-as-required\" aria-required=\"true\" aria-invalid=\"false\" name=\"horario\"><option value=\"\">&#8212;Por favor, elige una opci\u00f3n&#8212;<\/option><option value=\"Ma\u00f1ana\">Ma\u00f1ana<\/option><option value=\"Tarde\">Tarde<\/option><\/select><\/span><\/b>\n\t\t\t<\/p>\n\t\t<\/td>\n\t<\/tr>\n\t<tr>\n\t<\/tr>\n<\/table>\n<td>\n\t<p><b><span class=\"wpcf7-form-control-wrap\" data-name=\"numero-quiz\"><label><span class=\"wpcf7-quiz-label\">\u00bfCuanto es 10+20?<\/span> <input size=\"40\" class=\"wpcf7-form-control wpcf7-quiz\" autocomplete=\"off\" aria-required=\"true\" aria-invalid=\"false\" type=\"text\" name=\"numero-quiz\" \/><\/label><input type=\"hidden\" name=\"_wpcf7_quiz_answer_numero-quiz\" value=\"09de03195d685fe9c445a036fff66edc\" \/><\/span><b><\/b><\/b>\n\t<\/p>\n<\/td>\n<p>Los campos con * son obligatorios\n<\/p>\n<p><span class=\"wpcf7-form-control-wrap\" data-name=\"politicasdeprivacidad\"><span class=\"wpcf7-form-control wpcf7-acceptance optional\"><span class=\"wpcf7-list-item\"><label><input type=\"checkbox\" name=\"politicasdeprivacidad\" value=\"1\" aria-invalid=\"false\" \/><span class=\"wpcf7-list-item-label\"><b>Acepto las <a href=\"https:\/\/yudefordhonduras.com\/politicas-privacidad\"el=\"nofollow\" target=\"_blank\"><u>pol\u00edticas de privacidad<\/a><\/u><\/b><\/span><\/label><\/span><\/span><\/span>\n<\/p>\n<p><input class=\"wpcf7-form-control wpcf7-submit has-spinner\" type=\"submit\" value=\"Enviar\" \/>\n<\/p><div class=\"wpcf7-response-output\" aria-hidden=\"true\"><\/div>\n<\/form>\n<\/div>\n<\/div>\n\t\t\t\t\t\t<\/div>\n\t\t\t\t<\/div>\n\t\t\t\t\t<\/div>\n\t\t\t\t<\/div>\n\t\t<div class=\"elementor-element elementor-element-764da5a e-flex e-con-boxed e-con e-parent\" data-id=\"764da5a\" data-element_type=\"container\" data-settings=\"{&quot;background_background&quot;:&quot;classic&quot;}\">\n\t\t\t\t\t<div class=\"e-con-inner\">\n\t\t<div class=\"elementor-element elementor-element-ce118d1 e-con-full e-flex e-con e-child\" data-id=\"ce118d1\" data-element_type=\"container\">\n\t\t\t\t<div class=\"elementor-element elementor-element-8ed2226 elementor-align-center elementor-invisible elementor-widget elementor-widget-button\" data-id=\"8ed2226\" data-element_type=\"widget\" data-settings=\"{&quot;_animation&quot;:&quot;shake&quot;}\" data-widget_type=\"button.default\">\n\t\t\t\t<div class=\"elementor-widget-container\">\n\t\t\t\t\t\t\t\t\t<div class=\"elementor-button-wrapper\">\n\t\t\t\t\t<a class=\"elementor-button elementor-button-link elementor-size-sm\" href=\"https:\/\/www.soyservidor.info\/yudeford\/vehiculos\/\">\n\t\t\t\t\t\t<span class=\"elementor-button-content-wrapper\">\n\t\t\t\t\t\t<span class=\"elementor-button-icon\">\n\t\t\t\t<svg aria-hidden=\"true\" class=\"e-font-icon-svg e-far-arrow-alt-circle-left\" viewBox=\"0 0 512 512\" xmlns=\"http:\/\/www.w3.org\/2000\/svg\"><path d=\"M8 256c0 137 111 248 248 248s248-111 248-248S393 8 256 8 8 119 8 256zm448 0c0 110.5-89.5 200-200 200S56 366.5 56 256 145.5 56 256 56s200 89.5 200 200zm-72-20v40c0 6.6-5.4 12-12 12H256v67c0 10.7-12.9 16-20.5 8.5l-99-99c-4.7-4.7-4.7-12.3 0-17l99-99c7.6-7.6 20.5-2.2 20.5 8.5v67h116c6.6 0 12 5.4 12 12z\"><\/path><\/svg>\t\t\t<\/span>\n\t\t\t\t\t\t\t\t\t<span class=\"elementor-button-text\">Ir a veh\u00edculos<\/span>\n\t\t\t\t\t<\/span>\n\t\t\t\t\t<\/a>\n\t\t\t\t<\/div>\n\t\t\t\t\t\t\t\t<\/div>\n\t\t\t\t<\/div>\n\t\t\t\t<\/div>\n\t\t\t\t\t<\/div>\n\t\t\t\t<\/div>\n\t\t\t\t<\/div>\n\t\t","protected":false},"excerpt":{"rendered":"<p>Vive la experiencia de conducir un Ford Agenda tu prueba de manejo y experimenta de primera mano la potencia, tecnolog\u00eda y comodidad que solo nuestros veh\u00edculos pueden ofrecer. Completa el formulario y reserva tu experiencia personalizada. Es r\u00e1pido, f\u00e1cil y el primer paso para llevarte a casa el Ford de tus sue\u00f1os. Ir a veh\u00edculos<\/p>\n","protected":false},"author":1,"featured_media":905,"parent":0,"menu_order":0,"comment_status":"closed","ping_status":"closed","template":"","meta":{"_acf_changed":false,"footnotes":""},"class_list":["post-893","page","type-page","status-publish","has-post-thumbnail","hentry"],"acf":[],"yoast_head":"<!-- This site is optimized with the Yoast SEO plugin v24.4 - https:\/\/yoast.com\/wordpress\/plugins\/seo\/ -->\n<title>Prueba de Manejo - Yude Ford Honduras<\/title>\n<meta name=\"robots\" content=\"index, follow, max-snippet:-1, max-image-preview:large, max-video-preview:-1\" \/>\n<link rel=\"canonical\" href=\"https:\/\/www.soyservidor.info\/yudeford\/prueba-de-manejo\/\" \/>\n<meta property=\"og:locale\" content=\"es_ES\" \/>\n<meta property=\"og:type\" content=\"article\" \/>\n<meta property=\"og:title\" content=\"Prueba de Manejo - Yude Ford Honduras\" \/>\n<meta property=\"og:description\" content=\"Vive la experiencia de conducir un Ford Agenda tu prueba de manejo y experimenta de primera mano la potencia, tecnolog\u00eda y comodidad que solo nuestros veh\u00edculos pueden ofrecer. Completa el formulario y reserva tu experiencia personalizada. Es r\u00e1pido, f\u00e1cil y el primer paso para llevarte a casa el Ford de tus sue\u00f1os. Ir a veh\u00edculos\" \/>\n<meta property=\"og:url\" content=\"https:\/\/www.soyservidor.info\/yudeford\/prueba-de-manejo\/\" \/>\n<meta property=\"og:site_name\" content=\"Yude Ford Honduras\" \/>\n<meta property=\"article:modified_time\" content=\"2025-01-03T22:08:21+00:00\" \/>\n<meta property=\"og:image\" content=\"https:\/\/www.soyservidor.info\/yudeford\/wp-content\/uploads\/2025\/01\/encabezado-prueba-manejo.avif\" \/>\n\t<meta property=\"og:image:width\" content=\"1440\" \/>\n\t<meta property=\"og:image:height\" content=\"500\" \/>\n\t<meta property=\"og:image:type\" content=\"image\/jpeg\" \/>\n<meta name=\"twitter:card\" content=\"summary_large_image\" \/>\n<script type=\"application\/ld+json\" class=\"yoast-schema-graph\">{\"@context\":\"https:\/\/schema.org\",\"@graph\":[{\"@type\":\"WebPage\",\"@id\":\"https:\/\/www.soyservidor.info\/yudeford\/prueba-de-manejo\/\",\"url\":\"https:\/\/www.soyservidor.info\/yudeford\/prueba-de-manejo\/\",\"name\":\"Prueba de Manejo - Yude Ford Honduras\",\"isPartOf\":{\"@id\":\"https:\/\/www.soyservidor.info\/yudeford\/#website\"},\"primaryImageOfPage\":{\"@id\":\"https:\/\/www.soyservidor.info\/yudeford\/prueba-de-manejo\/#primaryimage\"},\"image\":{\"@id\":\"https:\/\/www.soyservidor.info\/yudeford\/prueba-de-manejo\/#primaryimage\"},\"thumbnailUrl\":\"https:\/\/www.soyservidor.info\/yudeford\/wp-content\/uploads\/2025\/01\/encabezado-prueba-manejo.avif\",\"datePublished\":\"2025-01-03T20:34:15+00:00\",\"dateModified\":\"2025-01-03T22:08:21+00:00\",\"breadcrumb\":{\"@id\":\"https:\/\/www.soyservidor.info\/yudeford\/prueba-de-manejo\/#breadcrumb\"},\"inLanguage\":\"es\",\"potentialAction\":[{\"@type\":\"ReadAction\",\"target\":[\"https:\/\/www.soyservidor.info\/yudeford\/prueba-de-manejo\/\"]}]},{\"@type\":\"ImageObject\",\"inLanguage\":\"es\",\"@id\":\"https:\/\/www.soyservidor.info\/yudeford\/prueba-de-manejo\/#primaryimage\",\"url\":\"https:\/\/www.soyservidor.info\/yudeford\/wp-content\/uploads\/2025\/01\/encabezado-prueba-manejo.avif\",\"contentUrl\":\"https:\/\/www.soyservidor.info\/yudeford\/wp-content\/uploads\/2025\/01\/encabezado-prueba-manejo.avif\",\"width\":1440,\"height\":500,\"caption\":\"Reserva de Prueba de Manejo o Test Drive de Veh\u00edculos Ford - Yude Ford Honduras\"},{\"@type\":\"BreadcrumbList\",\"@id\":\"https:\/\/www.soyservidor.info\/yudeford\/prueba-de-manejo\/#breadcrumb\",\"itemListElement\":[{\"@type\":\"ListItem\",\"position\":1,\"name\":\"Portada\",\"item\":\"https:\/\/www.soyservidor.info\/yudeford\/\"},{\"@type\":\"ListItem\",\"position\":2,\"name\":\"Prueba de Manejo\"}]},{\"@type\":\"WebSite\",\"@id\":\"https:\/\/www.soyservidor.info\/yudeford\/#website\",\"url\":\"https:\/\/www.soyservidor.info\/yudeford\/\",\"name\":\"Yude Ford Honduras\",\"description\":\"Venta de veh\u00edculos Ford y Servicio Post Venta\",\"publisher\":{\"@id\":\"https:\/\/www.soyservidor.info\/yudeford\/#organization\"},\"potentialAction\":[{\"@type\":\"SearchAction\",\"target\":{\"@type\":\"EntryPoint\",\"urlTemplate\":\"https:\/\/www.soyservidor.info\/yudeford\/?s={search_term_string}\"},\"query-input\":{\"@type\":\"PropertyValueSpecification\",\"valueRequired\":true,\"valueName\":\"search_term_string\"}}],\"inLanguage\":\"es\"},{\"@type\":\"Organization\",\"@id\":\"https:\/\/www.soyservidor.info\/yudeford\/#organization\",\"name\":\"Yude Ford Honduras\",\"url\":\"https:\/\/www.soyservidor.info\/yudeford\/\",\"logo\":{\"@type\":\"ImageObject\",\"inLanguage\":\"es\",\"@id\":\"https:\/\/www.soyservidor.info\/yudeford\/#\/schema\/logo\/image\/\",\"url\":\"https:\/\/www.soyservidor.info\/yudeford\/wp-content\/uploads\/2024\/11\/logo-yudeford-blanco-png.webp\",\"contentUrl\":\"https:\/\/www.soyservidor.info\/yudeford\/wp-content\/uploads\/2024\/11\/logo-yudeford-blanco-png.webp\",\"width\":350,\"height\":100,\"caption\":\"Yude Ford Honduras\"},\"image\":{\"@id\":\"https:\/\/www.soyservidor.info\/yudeford\/#\/schema\/logo\/image\/\"}}]}<\/script>\n<!-- \/ Yoast SEO plugin. -->","yoast_head_json":{"title":"Prueba de Manejo - Yude Ford Honduras","robots":{"index":"index","follow":"follow","max-snippet":"max-snippet:-1","max-image-preview":"max-image-preview:large","max-video-preview":"max-video-preview:-1"},"canonical":"https:\/\/www.soyservidor.info\/yudeford\/prueba-de-manejo\/","og_locale":"es_ES","og_type":"article","og_title":"Prueba de Manejo - Yude Ford Honduras","og_description":"Vive la experiencia de conducir un Ford Agenda tu prueba de manejo y experimenta de primera mano la potencia, tecnolog\u00eda y comodidad que solo nuestros veh\u00edculos pueden ofrecer. Completa el formulario y reserva tu experiencia personalizada. Es r\u00e1pido, f\u00e1cil y el primer paso para llevarte a casa el Ford de tus sue\u00f1os. Ir a veh\u00edculos","og_url":"https:\/\/www.soyservidor.info\/yudeford\/prueba-de-manejo\/","og_site_name":"Yude Ford Honduras","article_modified_time":"2025-01-03T22:08:21+00:00","og_image":[{"width":1440,"height":500,"url":"https:\/\/www.soyservidor.info\/yudeford\/wp-content\/uploads\/2025\/01\/encabezado-prueba-manejo.avif","type":"image\/jpeg"}],"twitter_card":"summary_large_image","schema":{"@context":"https:\/\/schema.org","@graph":[{"@type":"WebPage","@id":"https:\/\/www.soyservidor.info\/yudeford\/prueba-de-manejo\/","url":"https:\/\/www.soyservidor.info\/yudeford\/prueba-de-manejo\/","name":"Prueba de Manejo - Yude Ford Honduras","isPartOf":{"@id":"https:\/\/www.soyservidor.info\/yudeford\/#website"},"primaryImageOfPage":{"@id":"https:\/\/www.soyservidor.info\/yudeford\/prueba-de-manejo\/#primaryimage"},"image":{"@id":"https:\/\/www.soyservidor.info\/yudeford\/prueba-de-manejo\/#primaryimage"},"thumbnailUrl":"https:\/\/www.soyservidor.info\/yudeford\/wp-content\/uploads\/2025\/01\/encabezado-prueba-manejo.avif","datePublished":"2025-01-03T20:34:15+00:00","dateModified":"2025-01-03T22:08:21+00:00","breadcrumb":{"@id":"https:\/\/www.soyservidor.info\/yudeford\/prueba-de-manejo\/#breadcrumb"},"inLanguage":"es","potentialAction":[{"@type":"ReadAction","target":["https:\/\/www.soyservidor.info\/yudeford\/prueba-de-manejo\/"]}]},{"@type":"ImageObject","inLanguage":"es","@id":"https:\/\/www.soyservidor.info\/yudeford\/prueba-de-manejo\/#primaryimage","url":"https:\/\/www.soyservidor.info\/yudeford\/wp-content\/uploads\/2025\/01\/encabezado-prueba-manejo.avif","contentUrl":"https:\/\/www.soyservidor.info\/yudeford\/wp-content\/uploads\/2025\/01\/encabezado-prueba-manejo.avif","width":1440,"height":500,"caption":"Reserva de Prueba de Manejo o Test Drive de Veh\u00edculos Ford - Yude Ford Honduras"},{"@type":"BreadcrumbList","@id":"https:\/\/www.soyservidor.info\/yudeford\/prueba-de-manejo\/#breadcrumb","itemListElement":[{"@type":"ListItem","position":1,"name":"Portada","item":"https:\/\/www.soyservidor.info\/yudeford\/"},{"@type":"ListItem","position":2,"name":"Prueba de Manejo"}]},{"@type":"WebSite","@id":"https:\/\/www.soyservidor.info\/yudeford\/#website","url":"https:\/\/www.soyservidor.info\/yudeford\/","name":"Yude Ford Honduras","description":"Venta de veh\u00edculos Ford y Servicio Post Venta","publisher":{"@id":"https:\/\/www.soyservidor.info\/yudeford\/#organization"},"potentialAction":[{"@type":"SearchAction","target":{"@type":"EntryPoint","urlTemplate":"https:\/\/www.soyservidor.info\/yudeford\/?s={search_term_string}"},"query-input":{"@type":"PropertyValueSpecification","valueRequired":true,"valueName":"search_term_string"}}],"inLanguage":"es"},{"@type":"Organization","@id":"https:\/\/www.soyservidor.info\/yudeford\/#organization","name":"Yude Ford Honduras","url":"https:\/\/www.soyservidor.info\/yudeford\/","logo":{"@type":"ImageObject","inLanguage":"es","@id":"https:\/\/www.soyservidor.info\/yudeford\/#\/schema\/logo\/image\/","url":"https:\/\/www.soyservidor.info\/yudeford\/wp-content\/uploads\/2024\/11\/logo-yudeford-blanco-png.webp","contentUrl":"https:\/\/www.soyservidor.info\/yudeford\/wp-content\/uploads\/2024\/11\/logo-yudeford-blanco-png.webp","width":350,"height":100,"caption":"Yude Ford Honduras"},"image":{"@id":"https:\/\/www.soyservidor.info\/yudeford\/#\/schema\/logo\/image\/"}}]}},"_links":{"self":[{"href":"https:\/\/www.soyservidor.info\/yudeford\/wp-json\/wp\/v2\/pages\/893","targetHints":{"allow":["GET"]}}],"collection":[{"href":"https:\/\/www.soyservidor.info\/yudeford\/wp-json\/wp\/v2\/pages"}],"about":[{"href":"https:\/\/www.soyservidor.info\/yudeford\/wp-json\/wp\/v2\/types\/page"}],"author":[{"embeddable":true,"href":"https:\/\/www.soyservidor.info\/yudeford\/wp-json\/wp\/v2\/users\/1"}],"replies":[{"embeddable":true,"href":"https:\/\/www.soyservidor.info\/yudeford\/wp-json\/wp\/v2\/comments?post=893"}],"version-history":[{"count":13,"href":"https:\/\/www.soyservidor.info\/yudeford\/wp-json\/wp\/v2\/pages\/893\/revisions"}],"predecessor-version":[{"id":916,"href":"https:\/\/www.soyservidor.info\/yudeford\/wp-json\/wp\/v2\/pages\/893\/revisions\/916"}],"wp:featuredmedia":[{"embeddable":true,"href":"https:\/\/www.soyservidor.info\/yudeford\/wp-json\/wp\/v2\/media\/905"}],"wp:attachment":[{"href":"https:\/\/www.soyservidor.info\/yudeford\/wp-json\/wp\/v2\/media?parent=893"}],"curies":[{"name":"wp","href":"https:\/\/api.w.org\/{rel}","templated":true}]}}